{"id":3546,"date":"2023-02-21T18:57:22","date_gmt":"2023-02-21T17:57:22","guid":{"rendered":"https:\/\/amaneos.cooper-media.com\/sfc\/"},"modified":"2026-01-06T08:55:00","modified_gmt":"2026-01-06T07:55:00","slug":"sfc","status":"publish","type":"page","link":"https:\/\/amaneos.com\/fr\/sfc\/","title":{"rendered":"Matikon"},"content":{"rendered":"<div id='sec'  class='av-layout-grid-container av-vv9wbk-294f90a1284e8da6152aecf3efc06924 entry-content-wrapper main_color av-flex-cells  avia-builder-el-0  avia-builder-el-no-sibling  av-grid-order-reverse av-cell-min-height av-cell-min-height-100  container_wrap sidebar_right'   data-av_minimum_height_pc='100'>\n\n<style type=\"text\/css\" data-created_by=\"avia_inline_auto\" id=\"style-css-av-uwctow-78055f17841a45a999ab546642215c31\">\n.flex_cell.av-uwctow-78055f17841a45a999ab546642215c31{\nvertical-align:middle;\nbackground-color:#efefef;\n}\n.responsive #top #wrap_all .flex_cell.av-uwctow-78055f17841a45a999ab546642215c31{\npadding:75px 75px 75px 75px !important;\n}\n\n@media only screen and (max-width: 479px){ \n.responsive #top #wrap_all .flex_cell.av-uwctow-78055f17841a45a999ab546642215c31{\npadding:25px 25px 25px 25px !important;\n}\n}\n<\/style>\n<div class='flex_cell av-uwctow-78055f17841a45a999ab546642215c31 av-gridrow-cell av_one_half no_margin  avia-builder-el-1  el_before_av_cell_one_half  avia-builder-el-first  content-align-middle'  ><div class='flex_cell_inner'><p>\n<style type=\"text\/css\" data-created_by=\"avia_inline_auto\" id=\"style-css-av-t9fjy8-3744f57ed6cbadb4a485411927b7d5f9\">\n#top .hr.hr-invisible.av-t9fjy8-3744f57ed6cbadb4a485411927b7d5f9{\nheight:25px;\n}\n<\/style>\n<div  class='hr av-t9fjy8-3744f57ed6cbadb4a485411927b7d5f9 hr-invisible  avia-builder-el-2  el_before_av_one_third  avia-builder-el-first  av-desktop-hide av-medium-hide av-small-hide'><span class='hr-inner '><span class=\"hr-inner-style\"><\/span><\/span><\/div><br \/>\n<div class='flex_column_table av-s2v9ww-67db22e799657e7d9b7c40a0e39bbba3 sc-av_one_third av-equal-height-column-flextable'>\n<style type=\"text\/css\" data-created_by=\"avia_inline_auto\" id=\"style-css-av-s2v9ww-67db22e799657e7d9b7c40a0e39bbba3\">\n#top .flex_column_table.av-equal-height-column-flextable.av-s2v9ww-67db22e799657e7d9b7c40a0e39bbba3{\nmargin-top:0px;\nmargin-bottom:50px;\n}\n<\/style>\n<div  class='flex_column av-s2v9ww-67db22e799657e7d9b7c40a0e39bbba3 av_one_third  avia-builder-el-3  el_after_av_hr  el_before_av_two_third  first no_margin flex_column_table_cell av-equal-height-column av-align-middle  '     ><style type=\"text\/css\" data-created_by=\"avia_inline_auto\" id=\"style-css-av-q8adc0-0bc6450bfbb17b0b0da095f9453d2203\">\n.avia-image-container.av-q8adc0-0bc6450bfbb17b0b0da095f9453d2203 img.avia_image{\nbox-shadow:none;\n}\n.avia-image-container.av-q8adc0-0bc6450bfbb17b0b0da095f9453d2203 .av-image-caption-overlay-center{\ncolor:#ffffff;\n}\n<\/style>\n<div  id=\"sfc-image\"  class='avia-image-container av-q8adc0-0bc6450bfbb17b0b0da095f9453d2203 av-styling- avia-align-left  avia-builder-el-4  avia-builder-el-no-sibling '   itemprop=\"image\" itemscope=\"itemscope\" itemtype=\"https:\/\/schema.org\/ImageObject\" ><div class=\"avia-image-container-inner\"><div class=\"avia-image-overlay-wrap\"><img decoding=\"async\" fetchpriority=\"high\" class='wp-image-4029 avia-img-lazy-loading-not-4029 avia_image ' src=\"https:\/\/amaneos.com\/wp-content\/uploads\/2025\/10\/Logo-256px-height.svg\" alt='' title='Logo-256px-height'  height=\"1\" width=\"1\"  itemprop=\"thumbnailUrl\"  \/><\/div><\/div><\/div><\/div>\n<style type=\"text\/css\" data-created_by=\"avia_inline_auto\" id=\"style-css-av-ojx0lc-11aa68a3ddd5e7dcf832e3d8f9aa7615\">\n#top .flex_column_table.av-equal-height-column-flextable.av-ojx0lc-11aa68a3ddd5e7dcf832e3d8f9aa7615{\nmargin-top:0px;\nmargin-bottom:50px;\n}\n<\/style>\n<div  class='flex_column av-ojx0lc-11aa68a3ddd5e7dcf832e3d8f9aa7615 av_two_third  avia-builder-el-5  el_after_av_one_third  el_before_av_textblock  no_margin flex_column_table_cell av-equal-height-column av-align-middle  '     ><\/div><\/div><!--close column table wrapper. Autoclose: 1 -->\n<style type=\"text\/css\" data-created_by=\"avia_inline_auto\" id=\"style-css-av-23bd28-d3b9af9e438075deabc8fd94cb2cf496\">\n#top .av_textblock_section.av-23bd28-d3b9af9e438075deabc8fd94cb2cf496 .avia_textblock{\ncolor:#3e4446;\n}\n<\/style>\n<section  class='av_textblock_section av-23bd28-d3b9af9e438075deabc8fd94cb2cf496 '   itemscope=\"itemscope\" itemtype=\"https:\/\/schema.org\/CreativeWork\" ><div class='avia_textblock av_inherit_color'  itemprop=\"text\" ><p><strong>Gr\u00e2ce \u00e0 ses produits cin\u00e9matiques haut de gamme, Matikon am\u00e9liore l&rsquo;int\u00e9rieur de chaque v\u00e9hicule sur le plan visuel et fonctionnel, en offrant des espaces de rangement et en mettant de l&rsquo;ordre. Des technologies de production innovantes garantissent \u00e0 la fois l&rsquo;\u00e9l\u00e9gance et la qualit\u00e9 des composants cin\u00e9matiques.<\/strong><\/p>\n<p>Notre division Trim est l&rsquo;un des principaux fournisseurs europ\u00e9ens de surfaces d\u00e9coratives pour les int\u00e9rieurs automobiles haut de gamme. L&rsquo;entreprise d\u00e9veloppe et produit des composants int\u00e9rieurs \u00e0 partir d&rsquo;une large gamme de mat\u00e9riaux, notamment l&rsquo;aluminium, le bois, le carbone, le cuir et les plastiques moul\u00e9s par injection.<\/p>\n<p>Matikon propose une large gamme de technologies de fabrication modernes qui permettent d&rsquo;obtenir une qualit\u00e9, une efficacit\u00e9 et une finition innovantes. Gr\u00e2ce \u00e0 des proc\u00e9d\u00e9s tels que MuCell, le moulage par injection sandwich, l&rsquo;estampage \u00e0 chaud, l&rsquo;\u00e9tiquetage dans le moule, l&rsquo;assemblage dans le moule et la peinture, Matikon garantit une production pr\u00e9cise et rentable qui r\u00e9pond aux diverses exigences en mati\u00e8re de stabilit\u00e9, de conception et de fonctionnalit\u00e9 des composants.<\/p>\n<p>Nous sommes une solution tout-en-un : des id\u00e9es innovantes aux technologies de fabrication de pointe pour des composants automobiles de haute qualit\u00e9, en passant par des concepts de d\u00e9veloppement solides. L&rsquo;utilisation de technologies de pointe garantit une qualit\u00e9 de produit \u00e9lev\u00e9e et constante. Avec des sites en Allemagne, aux \u00c9tats-Unis, en R\u00e9publique tch\u00e8que, en Serbie, en Roumanie et en Chine, Matikon est pr\u00e9sent dans le monde entier et proche des march\u00e9s cl\u00e9s de l&rsquo;industrie automobile.<\/p>\n<p>L&rsquo;une de nos comp\u00e9tences consiste \u00e0 r\u00e9pondre aux besoins de nos clients, depuis l&rsquo;identification des nouvelles tendances en mati\u00e8re d&rsquo;int\u00e9rieur et d&rsquo;ext\u00e9rieur de v\u00e9hicules jusqu&rsquo;au produit fini.<br \/>\nLe client est accompagn\u00e9 par une \u00e9quipe de d\u00e9veloppement de premier ordre, depuis la cr\u00e9ation initiale des concepts jusqu&rsquo;\u00e0 leur mise au point et leur validation, pour aboutir \u00e0 un produit de s\u00e9rie enti\u00e8rement d\u00e9velopp\u00e9.<\/p>\n<\/div><\/section><br \/>\n\n<style type=\"text\/css\" data-created_by=\"avia_inline_auto\" id=\"style-css-av-i3wtkw-11c0136f38aab5c0e09edabc4bb3ff7d\">\n#top .hr.hr-invisible.av-i3wtkw-11c0136f38aab5c0e09edabc4bb3ff7d{\nheight:25px;\n}\n<\/style>\n<div  class='hr av-i3wtkw-11c0136f38aab5c0e09edabc4bb3ff7d hr-invisible  avia-builder-el-7  el_after_av_textblock  el_before_av_buttonrow '><span class='hr-inner '><span class=\"hr-inner-style\"><\/span><\/span><\/div><br \/>\n\n<style type=\"text\/css\" data-created_by=\"avia_inline_auto\" id=\"style-css-av-fkucw0-dc227688496b27b7ba0b594844b05e80\">\n.avia-buttonrow-wrap.av-fkucw0-dc227688496b27b7ba0b594844b05e80 .avia-button{\nfont-size:16px;\n}\n<\/style>\n<div  class='avia-buttonrow-wrap av-fkucw0-dc227688496b27b7ba0b594844b05e80 avia-buttonrow-right  avia-builder-el-8  el_after_av_hr  el_before_av_hr '>\n\n<style type=\"text\/css\" data-created_by=\"avia_inline_auto\" id=\"style-css-av-epc3k0-f3236cd5b6e613a21480e79a8db99cb9\">\n#top #wrap_all .avia-button.av-epc3k0-f3236cd5b6e613a21480e79a8db99cb9{\nbackground-color:#f15e2f;\nborder-color:#f15e2f;\ncolor:#ffffff;\ntransition:all 0.4s ease-in-out;\nmargin-bottom:5px;\nmargin-left:5px;\n}\n#top #wrap_all .avia-button.av-epc3k0-f3236cd5b6e613a21480e79a8db99cb9 .avia-svg-icon svg:first-child{\nfill:#ffffff;\nstroke:#ffffff;\n}\n<\/style>\n<a href='https:\/\/matikon.com\/en'  class='avia-button av-epc3k0-f3236cd5b6e613a21480e79a8db99cb9 avia-icon_select-yes-left-icon avia-size-large'  target=\"_blank\"  rel=\"noopener noreferrer\"  aria-label=\"Visiter Matikon\"><span class='avia_button_icon avia_button_icon_left avia-svg-icon avia-font-svg_entypo-fontello' data-av_svg_icon='4' data-av_iconset='svg_entypo-fontello'><\/span><span class='avia_iconbox_title' >Visiter Matikon<\/span><\/a>\n<\/div><br \/>\n\n<style type=\"text\/css\" data-created_by=\"avia_inline_auto\" id=\"style-css-av-b1iii8-4feed897df3132786dc69e4f525f04e2\">\n#top .hr.hr-invisible.av-b1iii8-4feed897df3132786dc69e4f525f04e2{\nheight:25px;\n}\n<\/style>\n<div  class='hr av-b1iii8-4feed897df3132786dc69e4f525f04e2 hr-invisible  avia-builder-el-9  el_after_av_buttonrow  avia-builder-el-last  av-desktop-hide av-medium-hide av-small-hide'><span class='hr-inner '><span class=\"hr-inner-style\"><\/span><\/span><\/div><\/p>\n<\/div><\/div>\n<style type=\"text\/css\" data-created_by=\"avia_inline_auto\" id=\"style-css-av-8phtm8-23b706a05cfbf965b53b8f2d2e18fce7\">\n.flex_cell.av-8phtm8-23b706a05cfbf965b53b8f2d2e18fce7{\nvertical-align:middle;\n}\n.responsive #top #wrap_all .flex_cell.av-8phtm8-23b706a05cfbf965b53b8f2d2e18fce7{\npadding:0px 0px 0px 0px !important;\n}\n<\/style>\n<div class='flex_cell av-8phtm8-23b706a05cfbf965b53b8f2d2e18fce7 av-gridrow-cell av_one_half no_margin  avia-builder-el-10  el_after_av_cell_one_half  avia-builder-el-last  image-background-matikon image-cell content-align-middle av-zero-padding avia-full-stretch'  ><div class='flex_cell_inner'><p><div class='flex_column_table av-821k3k-2993124b083addd0199bbf3cd4c9e287 sc-av_one_fifth av-equal-height-column-flextable'>\n<style type=\"text\/css\" data-created_by=\"avia_inline_auto\" id=\"style-css-av-821k3k-2993124b083addd0199bbf3cd4c9e287\">\n.flex_column.av-821k3k-2993124b083addd0199bbf3cd4c9e287{\nborder-radius:0px 0px 0px 0px;\npadding:0px 0px 0px 0px;\n}\n<\/style>\n<div  class='flex_column av-821k3k-2993124b083addd0199bbf3cd4c9e287 av_one_fifth  avia-builder-el-11  el_before_av_four_fifth  avia-builder-el-first  arrow-one-fifth first no_margin flex_column_table_cell av-equal-height-column av-align-middle av-zero-column-padding  '     ><style type=\"text\/css\" data-created_by=\"avia_inline_auto\" id=\"style-css-av-5lbyyo-d5f5eadb233954cb9544bd2fefb43d67\">\n.avia-image-container.av-5lbyyo-d5f5eadb233954cb9544bd2fefb43d67 img.avia_image{\nbox-shadow:none;\n}\n.avia-image-container.av-5lbyyo-d5f5eadb233954cb9544bd2fefb43d67 .av-image-caption-overlay-center{\ncolor:#ffffff;\n}\n<\/style>\n<div  class='avia-image-container av-5lbyyo-d5f5eadb233954cb9544bd2fefb43d67 av-styling- avia-align-left  avia-builder-el-12  avia-builder-el-no-sibling  triangle'   itemprop=\"image\" itemscope=\"itemscope\" itemtype=\"https:\/\/schema.org\/ImageObject\" ><div class=\"avia-image-container-inner\"><div class=\"avia-image-overlay-wrap\"><img decoding=\"async\" fetchpriority=\"high\" class='wp-image-2591 avia-img-lazy-loading-not-2591 avia_image ' src=\"https:\/\/amaneos.com\/wp-content\/uploads\/2020\/10\/arrow-right-light-grey.svg\" alt='' title='arrow-right-light-grey'  height=\"300\" width=\"300\"  itemprop=\"thumbnailUrl\"  \/><\/div><\/div><\/div><\/div>\n<style type=\"text\/css\" data-created_by=\"avia_inline_auto\" id=\"style-css-av-4it84g-9e626623e725b6548b64e833f27e0c3d\">\n.flex_column.av-4it84g-9e626623e725b6548b64e833f27e0c3d{\nborder-radius:0px 0px 0px 0px;\npadding:0px 0px 0px 0px;\n}\n<\/style>\n<div  class='flex_column av-4it84g-9e626623e725b6548b64e833f27e0c3d av_four_fifth  avia-builder-el-13  el_after_av_one_fifth  avia-builder-el-last  arrow-four-fifth no_margin flex_column_table_cell av-equal-height-column av-align-middle av-zero-column-padding  '     ><style type=\"text\/css\" data-created_by=\"avia_inline_auto\" id=\"style-css-av-32bv5c-53783d803c539c4f2fa765f88d8957ee\">\n#top .av_textblock_section.av-32bv5c-53783d803c539c4f2fa765f88d8957ee .avia_textblock{\ncolor:#ffffff;\n}\n<\/style>\n<section  class='av_textblock_section av-32bv5c-53783d803c539c4f2fa765f88d8957ee '   itemscope=\"itemscope\" itemtype=\"https:\/\/schema.org\/CreativeWork\" ><div class='avia_textblock av_inherit_color'  itemprop=\"text\" ><h1 style=\"font-size: 45px; line-height: 50px; text-align: left; font-weight: 500; letter-spacing: 0px;\">Syst\u00e8mes<br \/>\nint\u00e9rieurs<\/h1>\n<\/div><\/section><\/div><\/div><!--close column table wrapper. Autoclose: 1 --><\/p>\n<\/div><\/div><\/div>\n","protected":false},"excerpt":{"rendered":"","protected":false},"author":3,"featured_media":0,"parent":0,"menu_order":0,"comment_status":"closed","ping_status":"closed","template":"","meta":{"inline_featured_image":false,"footnotes":""},"class_list":["post-3546","page","type-page","status-publish","hentry"],"_links":{"self":[{"href":"https:\/\/amaneos.com\/fr\/wp-json\/wp\/v2\/pages\/3546","targetHints":{"allow":["GET"]}}],"collection":[{"href":"https:\/\/amaneos.com\/fr\/wp-json\/wp\/v2\/pages"}],"about":[{"href":"https:\/\/amaneos.com\/fr\/wp-json\/wp\/v2\/types\/page"}],"author":[{"embeddable":true,"href":"https:\/\/amaneos.com\/fr\/wp-json\/wp\/v2\/users\/3"}],"replies":[{"embeddable":true,"href":"https:\/\/amaneos.com\/fr\/wp-json\/wp\/v2\/comments?post=3546"}],"version-history":[{"count":10,"href":"https:\/\/amaneos.com\/fr\/wp-json\/wp\/v2\/pages\/3546\/revisions"}],"predecessor-version":[{"id":4144,"href":"https:\/\/amaneos.com\/fr\/wp-json\/wp\/v2\/pages\/3546\/revisions\/4144"}],"wp:attachment":[{"href":"https:\/\/amaneos.com\/fr\/wp-json\/wp\/v2\/media?parent=3546"}],"curies":[{"name":"wp","href":"https:\/\/api.w.org\/{rel}","templated":true}]}}