{"id":3618,"date":"2023-02-21T18:58:23","date_gmt":"2023-02-21T17:58:23","guid":{"rendered":"https:\/\/amaneos.cooper-media.com\/moldtecs\/"},"modified":"2026-01-12T13:41:49","modified_gmt":"2026-01-12T12:41:49","slug":"moldtecs","status":"publish","type":"page","link":"https:\/\/amaneos.com\/de\/moldtecs\/","title":{"rendered":"MoldTecs"},"content":{"rendered":"<div id='moldtecs'  class='av-layout-grid-container av-p35qv8-516b31d1f67b0a0eecf4215056ca079e entry-content-wrapper main_color av-flex-cells  avia-builder-el-0  avia-builder-el-no-sibling  av-grid-order-reverse av-cell-min-height av-cell-min-height-100  container_wrap sidebar_right'   data-av_minimum_height_pc='100'>\n\n<style type=\"text\/css\" data-created_by=\"avia_inline_auto\" id=\"style-css-av-o7v7b8-e42ccd808d5f09789b6dc1b9e25aad6e\">\n.flex_cell.av-o7v7b8-e42ccd808d5f09789b6dc1b9e25aad6e{\nvertical-align:middle;\nbackground-color:#efefef;\n}\n.responsive #top #wrap_all .flex_cell.av-o7v7b8-e42ccd808d5f09789b6dc1b9e25aad6e{\npadding:75px 75px 75px 75px !important;\n}\n\n@media only screen and (max-width: 479px){ \n.responsive #top #wrap_all .flex_cell.av-o7v7b8-e42ccd808d5f09789b6dc1b9e25aad6e{\npadding:25px 25px 25px 25px !important;\n}\n}\n<\/style>\n<div class='flex_cell av-o7v7b8-e42ccd808d5f09789b6dc1b9e25aad6e av-gridrow-cell av_one_half no_margin  avia-builder-el-1  el_before_av_cell_one_half  avia-builder-el-first  content-align-middle'  ><div class='flex_cell_inner'><p>\n<style type=\"text\/css\" data-created_by=\"avia_inline_auto\" id=\"style-css-av-2auhv8-9b45dc2b5ef8c2874a1f119bc707ee49\">\n#top .hr.hr-invisible.av-2auhv8-9b45dc2b5ef8c2874a1f119bc707ee49{\nheight:25px;\n}\n<\/style>\n<div  class='hr av-2auhv8-9b45dc2b5ef8c2874a1f119bc707ee49 hr-invisible  avia-builder-el-2  el_before_av_two_fifth  avia-builder-el-first '><span class='hr-inner '><span class=\"hr-inner-style\"><\/span><\/span><\/div><br \/>\n\n<style type=\"text\/css\" data-created_by=\"avia_inline_auto\" id=\"style-css-av-lxegb8-3e3a19a021d2aa45924457889aa7897e\">\n#top .flex_column.av-lxegb8-3e3a19a021d2aa45924457889aa7897e{\nmargin-top:0px;\nmargin-bottom:50px;\n}\n.responsive #top #wrap_all .flex_column.av-lxegb8-3e3a19a021d2aa45924457889aa7897e{\nmargin-top:0px;\nmargin-bottom:50px;\n}\n<\/style>\n<div  class='flex_column av-lxegb8-3e3a19a021d2aa45924457889aa7897e av_two_fifth  avia-builder-el-3  el_after_av_hr  el_before_av_three_fifth  first flex_column_div  '     ><style type=\"text\/css\" data-created_by=\"avia_inline_auto\" id=\"style-css-av-kbd49g-4148b189e8f5f1c39389fbf604b42e5b\">\n.avia-image-container.av-kbd49g-4148b189e8f5f1c39389fbf604b42e5b img.avia_image{\nbox-shadow:none;\n}\n.avia-image-container.av-kbd49g-4148b189e8f5f1c39389fbf604b42e5b .av-image-caption-overlay-center{\ncolor:#ffffff;\n}\n<\/style>\n<div  id=\"moldtecs-image\"  class='avia-image-container av-kbd49g-4148b189e8f5f1c39389fbf604b42e5b av-styling- avia-align-left  avia-builder-el-4  avia-builder-el-no-sibling '   itemprop=\"image\" itemscope=\"itemscope\" itemtype=\"https:\/\/schema.org\/ImageObject\" ><div class=\"avia-image-container-inner\"><div class=\"avia-image-overlay-wrap\"><img decoding=\"async\" fetchpriority=\"high\" class='wp-image-2620 avia-img-lazy-loading-not-2620 avia_image ' src=\"https:\/\/amaneos.com\/wp-content\/uploads\/2023\/02\/MoldTecs-BG.svg\" alt='' title=''  height=\"1\" width=\"1\"  itemprop=\"thumbnailUrl\"  \/><\/div><\/div><\/div><\/div>\n<style type=\"text\/css\" data-created_by=\"avia_inline_auto\" id=\"style-css-av-jqevhg-210a6eb7fcc87bc5e5f9ed308a5d978a\">\n#top .flex_column.av-jqevhg-210a6eb7fcc87bc5e5f9ed308a5d978a{\nmargin-top:0px;\nmargin-bottom:50px;\n}\n.responsive #top #wrap_all .flex_column.av-jqevhg-210a6eb7fcc87bc5e5f9ed308a5d978a{\nmargin-top:0px;\nmargin-bottom:50px;\n}\n<\/style>\n<div  class='flex_column av-jqevhg-210a6eb7fcc87bc5e5f9ed308a5d978a av_three_fifth  avia-builder-el-5  el_after_av_two_fifth  el_before_av_textblock  flex_column_div  '     ><\/div>\n<style type=\"text\/css\" data-created_by=\"avia_inline_auto\" id=\"style-css-av-hopmic-6d5658faf810ce2169870e151578cf31\">\n#top .av_textblock_section.av-hopmic-6d5658faf810ce2169870e151578cf31 .avia_textblock{\ncolor:#3e4446;\n}\n<\/style>\n<section  class='av_textblock_section av-hopmic-6d5658faf810ce2169870e151578cf31 '   itemscope=\"itemscope\" itemtype=\"https:\/\/schema.org\/CreativeWork\" ><div class='avia_textblock av_inherit_color'  itemprop=\"text\" ><p>Als Zulieferer f\u00fcr f\u00fchrende OEMs weltweit verf\u00fcgt MoldTecs \u00fcber langj\u00e4hrige Expertise in der Herstellung von Hochleistungs-Kunststoffteilen.<\/p>\n<p>Zu den Kernkompetenzen in der Produktion geh\u00f6ren Spritzgie\u00dfen, Blasformen, Schwei\u00dfen und Montage.<br \/>\nOb Spritzgussbauteile, blasgeformte Hohlk\u00f6rper oder geschwei\u00dfte Verbindungen \u2013 mit Hochleistungstechnologien bietet MoldTecs verl\u00e4ssliche L\u00f6sungen f\u00fcr ein breites Anforderungsspektrum.<\/p>\n<\/div><\/section><br \/>\n\n<style type=\"text\/css\" data-created_by=\"avia_inline_auto\" id=\"style-css-av-d2t6sk-20e4fae8add758c1b6e05c6d04a0a78a\">\n#top .hr.hr-invisible.av-d2t6sk-20e4fae8add758c1b6e05c6d04a0a78a{\nheight:25px;\n}\n<\/style>\n<div  class='hr av-d2t6sk-20e4fae8add758c1b6e05c6d04a0a78a hr-invisible  avia-builder-el-7  el_after_av_textblock  el_before_av_button '><span class='hr-inner '><span class=\"hr-inner-style\"><\/span><\/span><\/div><br \/>\n<div  class='avia-button-wrap av-10ijkk-fbd09628b272ace6066d971dd77d3272-wrap avia-button-right  avia-builder-el-8  el_after_av_hr  el_before_av_hr '>\n<style type=\"text\/css\" data-created_by=\"avia_inline_auto\" id=\"style-css-av-10ijkk-fbd09628b272ace6066d971dd77d3272\">\n#top #wrap_all .avia-button.av-10ijkk-fbd09628b272ace6066d971dd77d3272{\nfont-size:16px;\nbackground-color:#f15e2f;\nborder-color:#f15e2f;\nborder-style:none;\nborder-radius:5px 5px 5px 5px;\ntransition:all 0.4s ease-in-out;\n}\n#top #wrap_all .avia-button.av-10ijkk-fbd09628b272ace6066d971dd77d3272:hover{\nbackground-color:#263990;\ncolor:white;\ntransition:all 0.4s ease-in-out;\n}\n#top #wrap_all.avia-button.av-10ijkk-fbd09628b272ace6066d971dd77d3272:hover .avia_button_background{\nborder-radius:5px 5px 5px 5px;\n}\n#top #wrap_all .avia-button.av-10ijkk-fbd09628b272ace6066d971dd77d3272:hover .avia-svg-icon svg:first-child{\nfill:white;\nstroke:white;\n}\n<\/style>\n<a href='https:\/\/moldtecs.com\/'  class='avia-button av-10ijkk-fbd09628b272ace6066d971dd77d3272 av-link-btn avia-icon_select-no avia-size-large avia-position-right avia-font-color-theme-color'  target=\"_blank\"  rel=\"noopener noreferrer\"  aria-label=\"Mehr erfahren\"><span class='avia_iconbox_title' >Mehr erfahren<\/span><\/a><\/div><br \/>\n\n<style type=\"text\/css\" data-created_by=\"avia_inline_auto\" id=\"style-css-av-levc4d6d-3e2f315590298990ff2a570e0b6e589f\">\n#top .hr.hr-invisible.av-levc4d6d-3e2f315590298990ff2a570e0b6e589f{\nheight:25px;\n}\n<\/style>\n<div  class='hr av-levc4d6d-3e2f315590298990ff2a570e0b6e589f hr-invisible  avia-builder-el-9  el_after_av_button  avia-builder-el-last '><span class='hr-inner '><span class=\"hr-inner-style\"><\/span><\/span><\/div><\/p>\n<\/div><\/div>\n<style type=\"text\/css\" data-created_by=\"avia_inline_auto\" id=\"style-css-av-9ji2ic-1d07581a6a2f9cde6065109f820e0ce1\">\n.flex_cell.av-9ji2ic-1d07581a6a2f9cde6065109f820e0ce1{\nvertical-align:middle;\n}\n.responsive #top #wrap_all .flex_cell.av-9ji2ic-1d07581a6a2f9cde6065109f820e0ce1{\npadding:0px 0px 0px 0px !important;\n}\n<\/style>\n<div class='flex_cell av-9ji2ic-1d07581a6a2f9cde6065109f820e0ce1 av-gridrow-cell av_one_half no_margin  avia-builder-el-10  el_after_av_cell_one_half  avia-builder-el-last  image-background-moldtecs image-cell content-align-middle av-zero-padding avia-full-stretch'  ><div class='flex_cell_inner'><p><div class='flex_column_table av-pjqlw-b9ea3ad950375a1f1d28d660648e4253 sc-av_one_fifth av-equal-height-column-flextable'>\n<style type=\"text\/css\" data-created_by=\"avia_inline_auto\" id=\"style-css-av-pjqlw-b9ea3ad950375a1f1d28d660648e4253\">\n.flex_column.av-pjqlw-b9ea3ad950375a1f1d28d660648e4253{\nborder-radius:0px 0px 0px 0px;\npadding:0px 0px 0px 0px;\n}\n<\/style>\n<div  class='flex_column av-pjqlw-b9ea3ad950375a1f1d28d660648e4253 av_one_fifth  avia-builder-el-11  el_before_av_four_fifth  avia-builder-el-first  arrow-one-fifth first no_margin flex_column_table_cell av-equal-height-column av-align-middle av-zero-column-padding  '     ><style type=\"text\/css\" data-created_by=\"avia_inline_auto\" id=\"style-css-av-56jzqc-3a33167bd50e4cc4f1ed84442a8313e9\">\n.avia-image-container.av-56jzqc-3a33167bd50e4cc4f1ed84442a8313e9 img.avia_image{\nbox-shadow:none;\n}\n.avia-image-container.av-56jzqc-3a33167bd50e4cc4f1ed84442a8313e9 .av-image-caption-overlay-center{\ncolor:#ffffff;\n}\n<\/style>\n<div  class='avia-image-container av-56jzqc-3a33167bd50e4cc4f1ed84442a8313e9 av-styling- avia-align-left  avia-builder-el-12  avia-builder-el-no-sibling  triangle'   itemprop=\"image\" itemscope=\"itemscope\" itemtype=\"https:\/\/schema.org\/ImageObject\" ><div class=\"avia-image-container-inner\"><div class=\"avia-image-overlay-wrap\"><img decoding=\"async\" fetchpriority=\"high\" class='wp-image-2592 avia-img-lazy-loading-not-2592 avia_image ' src=\"https:\/\/amaneos.com\/wp-content\/uploads\/2020\/10\/arrow-right-light-grey.svg\" alt='' title='arrow-right-light-grey'  height=\"300\" width=\"300\"  itemprop=\"thumbnailUrl\"  \/><\/div><\/div><\/div><\/div>\n<style type=\"text\/css\" data-created_by=\"avia_inline_auto\" id=\"style-css-av-4vez04-03130800cf9fc75ac41dda32e772c2ce\">\n.flex_column.av-4vez04-03130800cf9fc75ac41dda32e772c2ce{\nborder-radius:0px 0px 0px 0px;\npadding:0px 0px 0px 0px;\n}\n<\/style>\n<div  class='flex_column av-4vez04-03130800cf9fc75ac41dda32e772c2ce av_four_fifth  avia-builder-el-13  el_after_av_one_fifth  avia-builder-el-last  arrow-four-fifth no_margin flex_column_table_cell av-equal-height-column av-align-middle av-zero-column-padding  '     ><style type=\"text\/css\" data-created_by=\"avia_inline_auto\" id=\"style-css-av-2pz4ck-26e949043d38936b1c19e777f6a4327a\">\n#top .av_textblock_section.av-2pz4ck-26e949043d38936b1c19e777f6a4327a .avia_textblock{\ncolor:#ffffff;\n}\n<\/style>\n<section  class='av_textblock_section av-2pz4ck-26e949043d38936b1c19e777f6a4327a '   itemscope=\"itemscope\" itemtype=\"https:\/\/schema.org\/CreativeWork\" ><div class='avia_textblock av_inherit_color'  itemprop=\"text\" ><h1 style=\"font-size: 45px; line-height: 50px; text-align: left; font-weight: 500; letter-spacing: 0px;\">Antriebsysteme<\/h1>\n<\/div><\/section><\/div><\/div><!--close column table wrapper. Autoclose: 1 --><\/p>\n<\/div><\/div><\/div>\n","protected":false},"excerpt":{"rendered":"","protected":false},"author":3,"featured_media":0,"parent":0,"menu_order":0,"comment_status":"closed","ping_status":"closed","template":"","meta":{"inline_featured_image":false,"footnotes":""},"class_list":["post-3618","page","type-page","status-publish","hentry"],"_links":{"self":[{"href":"https:\/\/amaneos.com\/de\/wp-json\/wp\/v2\/pages\/3618","targetHints":{"allow":["GET"]}}],"collection":[{"href":"https:\/\/amaneos.com\/de\/wp-json\/wp\/v2\/pages"}],"about":[{"href":"https:\/\/amaneos.com\/de\/wp-json\/wp\/v2\/types\/page"}],"author":[{"embeddable":true,"href":"https:\/\/amaneos.com\/de\/wp-json\/wp\/v2\/users\/3"}],"replies":[{"embeddable":true,"href":"https:\/\/amaneos.com\/de\/wp-json\/wp\/v2\/comments?post=3618"}],"version-history":[{"count":8,"href":"https:\/\/amaneos.com\/de\/wp-json\/wp\/v2\/pages\/3618\/revisions"}],"predecessor-version":[{"id":4231,"href":"https:\/\/amaneos.com\/de\/wp-json\/wp\/v2\/pages\/3618\/revisions\/4231"}],"wp:attachment":[{"href":"https:\/\/amaneos.com\/de\/wp-json\/wp\/v2\/media?parent=3618"}],"curies":[{"name":"wp","href":"https:\/\/api.w.org\/{rel}","templated":true}]}}